{"id":9338,"date":"2021-06-28T17:23:09","date_gmt":"2021-06-28T13:23:09","guid":{"rendered":"https:\/\/2023.webstart.am\/agency\/"},"modified":"2025-04-14T13:32:48","modified_gmt":"2025-04-14T09:32:48","slug":"agency","status":"publish","type":"page","link":"https:\/\/wstart.fr\/ru\/agency\/","title":{"rendered":"\u041e \u043d\u0430\u0441"},"content":{"rendered":"\n<p>\u041c\u044b \u0441\u043e\u0437\u0434\u0430\u0435\u043c \u0443\u043d\u0438\u043a\u0430\u043b\u044c\u043d\u044b\u0435 \u0432\u0435\u0431-\u043f\u0440\u043e\u0435\u043a\u0442\u044b, \u043e\u0431\u044a\u0435\u0434\u0438\u043d\u044f\u044f \u043a\u0440\u0435\u0430\u0442\u0438\u0432\u043d\u044b\u0439 \u0434\u0438\u0437\u0430\u0439\u043d, \u043c\u0430\u0440\u043a\u0435\u0442\u0438\u043d\u0433 \u0438 \u043f\u0440\u043e\u0433\u0440\u0430\u043c\u043c\u0438\u0440\u043e\u0432\u0430\u043d\u0438\u0435 \u0432 \u043e\u0434\u043d\u043e \u0446\u0435\u043b\u043e\u0435.<\/p>\n","protected":false},"excerpt":{"rendered":"<p>\u041c\u044b \u0441\u043e\u0437\u0434\u0430\u0435\u043c \u0443\u043d\u0438\u043a\u0430\u043b\u044c\u043d\u044b\u0435 \u0432\u0435\u0431-\u043f\u0440\u043e\u0435\u043a\u0442\u044b, \u043e\u0431\u044a\u0435\u0434\u0438\u043d\u044f\u044f \u043a\u0440\u0435\u0430\u0442\u0438\u0432\u043d\u044b\u0439 \u0434\u0438\u0437\u0430\u0439\u043d, \u043c\u0430\u0440\u043a\u0435\u0442\u0438\u043d\u0433 \u0438 \u043f\u0440\u043e\u0433\u0440\u0430\u043c\u043c\u0438\u0440\u043e\u0432\u0430\u043d\u0438\u0435 \u0432 \u043e\u0434\u043d\u043e \u0446\u0435\u043b\u043e\u0435.<\/p>\n","protected":false},"author":1,"featured_media":0,"parent":0,"menu_order":56,"comment_status":"closed","ping_status":"closed","template":"templates\/aboutus.php","meta":{"_acf_changed":false,"om_disable_all_campaigns":false,"inline_featured_image":false,"_monsterinsights_skip_tracking":false,"_monsterinsights_sitenote_active":false,"_monsterinsights_sitenote_note":"","_monsterinsights_sitenote_category":0,"footnotes":""},"class_list":["post-9338","page","type-page","status-publish","hentry"],"acf":[],"aioseo_notices":[],"aioseo_head":"\n\t\t<!-- All in One SEO Pro 4.9.6.2 - aioseo.com -->\n\t<meta name=\"description\" content=\"\u0423\u0437\u043d\u0430\u0439\u0442\u0435 \u0431\u043e\u043b\u044c\u0448\u0435 \u043e WebStart - \u0432\u0435\u0434\u0443\u0449\u0435\u043c \u0430\u0433\u0435\u043d\u0442\u0441\u0442\u0432\u0435 \u043f\u043e \u0432\u0435\u0431-\u0440\u0430\u0437\u0440\u0430\u0431\u043e\u0442\u043a\u0435 \u0438 \u0434\u0438\u0437\u0430\u0439\u043d\u0443. \u041c\u044b \u043f\u0440\u0435\u0434\u043b\u0430\u0433\u0430\u0435\u043c \u043f\u043e\u043b\u043d\u044b\u0439 \u0441\u043f\u0435\u043a\u0442\u0440 \u0443\u0441\u043b\u0443\u0433 \u0434\u043b\u044f \u0440\u0430\u0437\u0432\u0438\u0442\u0438\u044f \u0432\u0430\u0448\u0435\u0433\u043e \u0431\u0438\u0437\u043d\u0435\u0441\u0430 \u0432 \u0438\u043d\u0442\u0435\u0440\u043d\u0435\u0442\u0435.\" \/>\n\t<meta name=\"robots\" content=\"max-image-preview:large\" \/>\n\t<meta name=\"google-site-verification\" content=\"nHSkHtIXULaNV0FP2iUZ_0iDVRYca_UpkqbWyyhm5es\" \/>\n\t<meta name=\"msvalidate.01\" content=\"DFE7A4E2EA36895ACE5E562F36D2C879\" \/>\n\t<meta name=\"yandex-verification\" content=\"4e66e16ddcadf42d\" \/>\n\t<link rel=\"canonical\" href=\"https:\/\/wstart.fr\/ru\/agency\/\" \/>\n\t<meta name=\"generator\" content=\"All in One SEO Pro (AIOSEO) 4.9.6.2\" \/>\n\t\t<meta property=\"og:locale\" content=\"ru_RU\" \/>\n\t\t<meta property=\"og:site_name\" content=\"Cr\u00e9ation de sites web &amp; D\u00e9veloppement | WEBSTART | WEBSTART.am\" \/>\n\t\t<meta property=\"og:type\" content=\"article\" \/>\n\t\t<meta property=\"og:title\" content=\"\u0410\u0433\u0435\u043d\u0442\u0441\u0442\u0432\u043e - WebStart: \u0412\u0430\u0448 \u041f\u0430\u0440\u0442\u043d\u0435\u0440 \u0432 \u0412\u0435\u0431-\u0420\u0430\u0437\u0440\u0430\u0431\u043e\u0442\u043a\u0435 \u0438 \u0414\u0438\u0437\u0430\u0439\u043d\u0435\" \/>\n\t\t<meta property=\"og:description\" content=\"\u0423\u0437\u043d\u0430\u0439\u0442\u0435 \u0431\u043e\u043b\u044c\u0448\u0435 \u043e WebStart - \u0432\u0435\u0434\u0443\u0449\u0435\u043c \u0430\u0433\u0435\u043d\u0442\u0441\u0442\u0432\u0435 \u043f\u043e \u0432\u0435\u0431-\u0440\u0430\u0437\u0440\u0430\u0431\u043e\u0442\u043a\u0435 \u0438 \u0434\u0438\u0437\u0430\u0439\u043d\u0443. \u041c\u044b \u043f\u0440\u0435\u0434\u043b\u0430\u0433\u0430\u0435\u043c \u043f\u043e\u043b\u043d\u044b\u0439 \u0441\u043f\u0435\u043a\u0442\u0440 \u0443\u0441\u043b\u0443\u0433 \u0434\u043b\u044f \u0440\u0430\u0437\u0432\u0438\u0442\u0438\u044f \u0432\u0430\u0448\u0435\u0433\u043e \u0431\u0438\u0437\u043d\u0435\u0441\u0430 \u0432 \u0438\u043d\u0442\u0435\u0440\u043d\u0435\u0442\u0435.\" \/>\n\t\t<meta property=\"og:url\" content=\"https:\/\/wstart.fr\/ru\/agency\/\" \/>\n\t\t<meta property=\"og:image\" content=\"https:\/\/wstart.fr\/wp-content\/themes\/webstart\/img\/512.png\" \/>\n\t\t<meta property=\"og:image:secure_url\" content=\"https:\/\/wstart.fr\/wp-content\/themes\/webstart\/img\/512.png\" \/>\n\t\t<meta property=\"article:published_time\" content=\"2021-06-28T13:23:09+00:00\" \/>\n\t\t<meta property=\"article:modified_time\" content=\"2025-04-14T09:32:48+00:00\" \/>\n\t\t<meta property=\"article:publisher\" content=\"https:\/\/www.facebook.com\/webstartllc\/\" \/>\n\t\t<meta name=\"twitter:card\" content=\"summary\" \/>\n\t\t<meta name=\"twitter:title\" content=\"\u0410\u0433\u0435\u043d\u0442\u0441\u0442\u0432\u043e - WebStart: \u0412\u0430\u0448 \u041f\u0430\u0440\u0442\u043d\u0435\u0440 \u0432 \u0412\u0435\u0431-\u0420\u0430\u0437\u0440\u0430\u0431\u043e\u0442\u043a\u0435 \u0438 \u0414\u0438\u0437\u0430\u0439\u043d\u0435\" \/>\n\t\t<meta name=\"twitter:description\" content=\"\u0423\u0437\u043d\u0430\u0439\u0442\u0435 \u0431\u043e\u043b\u044c\u0448\u0435 \u043e WebStart - \u0432\u0435\u0434\u0443\u0449\u0435\u043c \u0430\u0433\u0435\u043d\u0442\u0441\u0442\u0432\u0435 \u043f\u043e \u0432\u0435\u0431-\u0440\u0430\u0437\u0440\u0430\u0431\u043e\u0442\u043a\u0435 \u0438 \u0434\u0438\u0437\u0430\u0439\u043d\u0443. \u041c\u044b \u043f\u0440\u0435\u0434\u043b\u0430\u0433\u0430\u0435\u043c \u043f\u043e\u043b\u043d\u044b\u0439 \u0441\u043f\u0435\u043a\u0442\u0440 \u0443\u0441\u043b\u0443\u0433 \u0434\u043b\u044f \u0440\u0430\u0437\u0432\u0438\u0442\u0438\u044f \u0432\u0430\u0448\u0435\u0433\u043e \u0431\u0438\u0437\u043d\u0435\u0441\u0430 \u0432 \u0438\u043d\u0442\u0435\u0440\u043d\u0435\u0442\u0435.\" \/>\n\t\t<meta name=\"twitter:image\" content=\"https:\/\/wstart.fr\/wp-content\/themes\/webstart\/img\/512.png\" \/>\n\t\t<script type=\"application\/ld+json\" class=\"aioseo-schema\">\n\t\t\t{\"@context\":\"https:\\\/\\\/schema.org\",\"@graph\":[{\"@type\":\"BreadcrumbList\",\"@id\":\"https:\\\/\\\/wstart.fr\\\/ru\\\/agency\\\/#breadcrumblist\",\"itemListElement\":[{\"@type\":\"ListItem\",\"@id\":\"https:\\\/\\\/wstart.fr\\\/ru\\\/#listItem\",\"position\":1,\"name\":\"Home\",\"item\":\"https:\\\/\\\/wstart.fr\\\/ru\\\/\",\"nextItem\":{\"@type\":\"ListItem\",\"@id\":\"https:\\\/\\\/wstart.fr\\\/ru\\\/agency\\\/#listItem\",\"name\":\"\\u041e \\u043d\\u0430\\u0441\"}},{\"@type\":\"ListItem\",\"@id\":\"https:\\\/\\\/wstart.fr\\\/ru\\\/agency\\\/#listItem\",\"position\":2,\"name\":\"\\u041e \\u043d\\u0430\\u0441\",\"previousItem\":{\"@type\":\"ListItem\",\"@id\":\"https:\\\/\\\/wstart.fr\\\/ru\\\/#listItem\",\"name\":\"Home\"}}]},{\"@type\":\"Organization\",\"@id\":\"https:\\\/\\\/wstart.fr\\\/ru\\\/#organization\",\"name\":\"Webstart\",\"description\":\"Nous garantissons un avenir s\\u00fbr \\u00e0 votre entreprise dans le monde num\\u00e9rique.\",\"url\":\"https:\\\/\\\/wstart.fr\\\/ru\\\/\",\"email\":\"info@wstart.fr\",\"telephone\":\"07 67 73 76 16\",\"foundingDate\":\"2010-08-01\",\"numberOfEmployees\":{\"@type\":\"QuantitativeValue\",\"minValue\":15,\"maxValue\":55},\"logo\":{\"@type\":\"ImageObject\",\"url\":\"https:\\\/\\\/wstart.fr\\\/wp-content\\\/themes\\\/webstart\\\/img\\\/512.png\",\"@id\":\"https:\\\/\\\/wstart.fr\\\/ru\\\/agency\\\/#organizationLogo\"},\"image\":{\"@id\":\"https:\\\/\\\/wstart.fr\\\/ru\\\/agency\\\/#organizationLogo\"},\"sameAs\":[\"https:\\\/\\\/www.instagram.com\\\/creation_site_web_ws\\\/\",\"https:\\\/\\\/fr.pinterest.com\\\/webstartllc\\\/\",\"https:\\\/\\\/www.youtube.com\\\/@webstartllc\",\"https:\\\/\\\/www.linkedin.com\\\/company\\\/74547408\\\/\"]},{\"@type\":\"WebPage\",\"@id\":\"https:\\\/\\\/wstart.fr\\\/ru\\\/agency\\\/#webpage\",\"url\":\"https:\\\/\\\/wstart.fr\\\/ru\\\/agency\\\/\",\"name\":\"\\u0410\\u0433\\u0435\\u043d\\u0442\\u0441\\u0442\\u0432\\u043e - WebStart: \\u0412\\u0430\\u0448 \\u041f\\u0430\\u0440\\u0442\\u043d\\u0435\\u0440 \\u0432 \\u0412\\u0435\\u0431-\\u0420\\u0430\\u0437\\u0440\\u0430\\u0431\\u043e\\u0442\\u043a\\u0435 \\u0438 \\u0414\\u0438\\u0437\\u0430\\u0439\\u043d\\u0435\",\"description\":\"\\u0423\\u0437\\u043d\\u0430\\u0439\\u0442\\u0435 \\u0431\\u043e\\u043b\\u044c\\u0448\\u0435 \\u043e WebStart - \\u0432\\u0435\\u0434\\u0443\\u0449\\u0435\\u043c \\u0430\\u0433\\u0435\\u043d\\u0442\\u0441\\u0442\\u0432\\u0435 \\u043f\\u043e \\u0432\\u0435\\u0431-\\u0440\\u0430\\u0437\\u0440\\u0430\\u0431\\u043e\\u0442\\u043a\\u0435 \\u0438 \\u0434\\u0438\\u0437\\u0430\\u0439\\u043d\\u0443. \\u041c\\u044b \\u043f\\u0440\\u0435\\u0434\\u043b\\u0430\\u0433\\u0430\\u0435\\u043c \\u043f\\u043e\\u043b\\u043d\\u044b\\u0439 \\u0441\\u043f\\u0435\\u043a\\u0442\\u0440 \\u0443\\u0441\\u043b\\u0443\\u0433 \\u0434\\u043b\\u044f \\u0440\\u0430\\u0437\\u0432\\u0438\\u0442\\u0438\\u044f \\u0432\\u0430\\u0448\\u0435\\u0433\\u043e \\u0431\\u0438\\u0437\\u043d\\u0435\\u0441\\u0430 \\u0432 \\u0438\\u043d\\u0442\\u0435\\u0440\\u043d\\u0435\\u0442\\u0435.\",\"inLanguage\":\"ru-RU\",\"isPartOf\":{\"@id\":\"https:\\\/\\\/wstart.fr\\\/ru\\\/#website\"},\"breadcrumb\":{\"@id\":\"https:\\\/\\\/wstart.fr\\\/ru\\\/agency\\\/#breadcrumblist\"},\"datePublished\":\"2021-06-28T17:23:09+04:00\",\"dateModified\":\"2025-04-14T13:32:48+04:00\"},{\"@type\":\"WebSite\",\"@id\":\"https:\\\/\\\/wstart.fr\\\/ru\\\/#website\",\"url\":\"https:\\\/\\\/wstart.fr\\\/ru\\\/\",\"name\":\"WEBSTART\",\"alternateName\":\"Webstart\",\"description\":\"Nous garantissons un avenir s\\u00fbr \\u00e0 votre entreprise dans le monde num\\u00e9rique.\",\"inLanguage\":\"ru-RU\",\"publisher\":{\"@id\":\"https:\\\/\\\/wstart.fr\\\/ru\\\/#organization\"}}]}\n\t\t<\/script>\n\t\t<!-- All in One SEO Pro -->\r\n\t\t<title>\u0410\u0433\u0435\u043d\u0442\u0441\u0442\u0432\u043e - WebStart: \u0412\u0430\u0448 \u041f\u0430\u0440\u0442\u043d\u0435\u0440 \u0432 \u0412\u0435\u0431-\u0420\u0430\u0437\u0440\u0430\u0431\u043e\u0442\u043a\u0435 \u0438 \u0414\u0438\u0437\u0430\u0439\u043d\u0435<\/title>\n\n","aioseo_head_json":{"title":"\u0410\u0433\u0435\u043d\u0442\u0441\u0442\u0432\u043e - WebStart: \u0412\u0430\u0448 \u041f\u0430\u0440\u0442\u043d\u0435\u0440 \u0432 \u0412\u0435\u0431-\u0420\u0430\u0437\u0440\u0430\u0431\u043e\u0442\u043a\u0435 \u0438 \u0414\u0438\u0437\u0430\u0439\u043d\u0435","description":"\u0423\u0437\u043d\u0430\u0439\u0442\u0435 \u0431\u043e\u043b\u044c\u0448\u0435 \u043e WebStart - \u0432\u0435\u0434\u0443\u0449\u0435\u043c \u0430\u0433\u0435\u043d\u0442\u0441\u0442\u0432\u0435 \u043f\u043e \u0432\u0435\u0431-\u0440\u0430\u0437\u0440\u0430\u0431\u043e\u0442\u043a\u0435 \u0438 \u0434\u0438\u0437\u0430\u0439\u043d\u0443. \u041c\u044b \u043f\u0440\u0435\u0434\u043b\u0430\u0433\u0430\u0435\u043c \u043f\u043e\u043b\u043d\u044b\u0439 \u0441\u043f\u0435\u043a\u0442\u0440 \u0443\u0441\u043b\u0443\u0433 \u0434\u043b\u044f \u0440\u0430\u0437\u0432\u0438\u0442\u0438\u044f \u0432\u0430\u0448\u0435\u0433\u043e \u0431\u0438\u0437\u043d\u0435\u0441\u0430 \u0432 \u0438\u043d\u0442\u0435\u0440\u043d\u0435\u0442\u0435.","canonical_url":"https:\/\/wstart.fr\/ru\/agency\/","robots":"max-image-preview:large","keywords":"","webmasterTools":{"google-site-verification":"nHSkHtIXULaNV0FP2iUZ_0iDVRYca_UpkqbWyyhm5es","msvalidate.01":"DFE7A4E2EA36895ACE5E562F36D2C879","yandex-verification":"4e66e16ddcadf42d","miscellaneous":""},"schema":{"@context":"https:\/\/schema.org","@graph":[{"@type":"BreadcrumbList","@id":"https:\/\/wstart.fr\/ru\/agency\/#breadcrumblist","itemListElement":[{"@type":"ListItem","@id":"https:\/\/wstart.fr\/ru\/#listItem","position":1,"name":"Home","item":"https:\/\/wstart.fr\/ru\/","nextItem":{"@type":"ListItem","@id":"https:\/\/wstart.fr\/ru\/agency\/#listItem","name":"\u041e \u043d\u0430\u0441"}},{"@type":"ListItem","@id":"https:\/\/wstart.fr\/ru\/agency\/#listItem","position":2,"name":"\u041e \u043d\u0430\u0441","previousItem":{"@type":"ListItem","@id":"https:\/\/wstart.fr\/ru\/#listItem","name":"Home"}}]},{"@type":"Organization","@id":"https:\/\/wstart.fr\/ru\/#organization","name":"Webstart","description":"Nous garantissons un avenir s\u00fbr \u00e0 votre entreprise dans le monde num\u00e9rique.","url":"https:\/\/wstart.fr\/ru\/","email":"info@wstart.fr","telephone":"07 67 73 76 16","foundingDate":"2010-08-01","numberOfEmployees":{"@type":"QuantitativeValue","minValue":15,"maxValue":55},"logo":{"@type":"ImageObject","url":"https:\/\/wstart.fr\/wp-content\/themes\/webstart\/img\/512.png","@id":"https:\/\/wstart.fr\/ru\/agency\/#organizationLogo"},"image":{"@id":"https:\/\/wstart.fr\/ru\/agency\/#organizationLogo"},"sameAs":["https:\/\/www.instagram.com\/creation_site_web_ws\/","https:\/\/fr.pinterest.com\/webstartllc\/","https:\/\/www.youtube.com\/@webstartllc","https:\/\/www.linkedin.com\/company\/74547408\/"]},{"@type":"WebPage","@id":"https:\/\/wstart.fr\/ru\/agency\/#webpage","url":"https:\/\/wstart.fr\/ru\/agency\/","name":"\u0410\u0433\u0435\u043d\u0442\u0441\u0442\u0432\u043e - WebStart: \u0412\u0430\u0448 \u041f\u0430\u0440\u0442\u043d\u0435\u0440 \u0432 \u0412\u0435\u0431-\u0420\u0430\u0437\u0440\u0430\u0431\u043e\u0442\u043a\u0435 \u0438 \u0414\u0438\u0437\u0430\u0439\u043d\u0435","description":"\u0423\u0437\u043d\u0430\u0439\u0442\u0435 \u0431\u043e\u043b\u044c\u0448\u0435 \u043e WebStart - \u0432\u0435\u0434\u0443\u0449\u0435\u043c \u0430\u0433\u0435\u043d\u0442\u0441\u0442\u0432\u0435 \u043f\u043e \u0432\u0435\u0431-\u0440\u0430\u0437\u0440\u0430\u0431\u043e\u0442\u043a\u0435 \u0438 \u0434\u0438\u0437\u0430\u0439\u043d\u0443. \u041c\u044b \u043f\u0440\u0435\u0434\u043b\u0430\u0433\u0430\u0435\u043c \u043f\u043e\u043b\u043d\u044b\u0439 \u0441\u043f\u0435\u043a\u0442\u0440 \u0443\u0441\u043b\u0443\u0433 \u0434\u043b\u044f \u0440\u0430\u0437\u0432\u0438\u0442\u0438\u044f \u0432\u0430\u0448\u0435\u0433\u043e \u0431\u0438\u0437\u043d\u0435\u0441\u0430 \u0432 \u0438\u043d\u0442\u0435\u0440\u043d\u0435\u0442\u0435.","inLanguage":"ru-RU","isPartOf":{"@id":"https:\/\/wstart.fr\/ru\/#website"},"breadcrumb":{"@id":"https:\/\/wstart.fr\/ru\/agency\/#breadcrumblist"},"datePublished":"2021-06-28T17:23:09+04:00","dateModified":"2025-04-14T13:32:48+04:00"},{"@type":"WebSite","@id":"https:\/\/wstart.fr\/ru\/#website","url":"https:\/\/wstart.fr\/ru\/","name":"WEBSTART","alternateName":"Webstart","description":"Nous garantissons un avenir s\u00fbr \u00e0 votre entreprise dans le monde num\u00e9rique.","inLanguage":"ru-RU","publisher":{"@id":"https:\/\/wstart.fr\/ru\/#organization"}}]},"og:locale":"ru_RU","og:site_name":"Cr\u00e9ation de sites web &amp; D\u00e9veloppement | WEBSTART | WEBSTART.am","og:type":"article","og:title":"\u0410\u0433\u0435\u043d\u0442\u0441\u0442\u0432\u043e - WebStart: \u0412\u0430\u0448 \u041f\u0430\u0440\u0442\u043d\u0435\u0440 \u0432 \u0412\u0435\u0431-\u0420\u0430\u0437\u0440\u0430\u0431\u043e\u0442\u043a\u0435 \u0438 \u0414\u0438\u0437\u0430\u0439\u043d\u0435","og:description":"\u0423\u0437\u043d\u0430\u0439\u0442\u0435 \u0431\u043e\u043b\u044c\u0448\u0435 \u043e WebStart - \u0432\u0435\u0434\u0443\u0449\u0435\u043c \u0430\u0433\u0435\u043d\u0442\u0441\u0442\u0432\u0435 \u043f\u043e \u0432\u0435\u0431-\u0440\u0430\u0437\u0440\u0430\u0431\u043e\u0442\u043a\u0435 \u0438 \u0434\u0438\u0437\u0430\u0439\u043d\u0443. \u041c\u044b \u043f\u0440\u0435\u0434\u043b\u0430\u0433\u0430\u0435\u043c \u043f\u043e\u043b\u043d\u044b\u0439 \u0441\u043f\u0435\u043a\u0442\u0440 \u0443\u0441\u043b\u0443\u0433 \u0434\u043b\u044f \u0440\u0430\u0437\u0432\u0438\u0442\u0438\u044f \u0432\u0430\u0448\u0435\u0433\u043e \u0431\u0438\u0437\u043d\u0435\u0441\u0430 \u0432 \u0438\u043d\u0442\u0435\u0440\u043d\u0435\u0442\u0435.","og:url":"https:\/\/wstart.fr\/ru\/agency\/","og:image":"https:\/\/wstart.fr\/wp-content\/themes\/webstart\/img\/512.png","og:image:secure_url":"https:\/\/wstart.fr\/wp-content\/themes\/webstart\/img\/512.png","article:published_time":"2021-06-28T13:23:09+00:00","article:modified_time":"2025-04-14T09:32:48+00:00","article:publisher":"https:\/\/www.facebook.com\/webstartllc\/","twitter:card":"summary","twitter:title":"\u0410\u0433\u0435\u043d\u0442\u0441\u0442\u0432\u043e - WebStart: \u0412\u0430\u0448 \u041f\u0430\u0440\u0442\u043d\u0435\u0440 \u0432 \u0412\u0435\u0431-\u0420\u0430\u0437\u0440\u0430\u0431\u043e\u0442\u043a\u0435 \u0438 \u0414\u0438\u0437\u0430\u0439\u043d\u0435","twitter:description":"\u0423\u0437\u043d\u0430\u0439\u0442\u0435 \u0431\u043e\u043b\u044c\u0448\u0435 \u043e WebStart - \u0432\u0435\u0434\u0443\u0449\u0435\u043c \u0430\u0433\u0435\u043d\u0442\u0441\u0442\u0432\u0435 \u043f\u043e \u0432\u0435\u0431-\u0440\u0430\u0437\u0440\u0430\u0431\u043e\u0442\u043a\u0435 \u0438 \u0434\u0438\u0437\u0430\u0439\u043d\u0443. \u041c\u044b \u043f\u0440\u0435\u0434\u043b\u0430\u0433\u0430\u0435\u043c \u043f\u043e\u043b\u043d\u044b\u0439 \u0441\u043f\u0435\u043a\u0442\u0440 \u0443\u0441\u043b\u0443\u0433 \u0434\u043b\u044f \u0440\u0430\u0437\u0432\u0438\u0442\u0438\u044f \u0432\u0430\u0448\u0435\u0433\u043e \u0431\u0438\u0437\u043d\u0435\u0441\u0430 \u0432 \u0438\u043d\u0442\u0435\u0440\u043d\u0435\u0442\u0435.","twitter:image":"https:\/\/wstart.fr\/wp-content\/themes\/webstart\/img\/512.png"},"aioseo_meta_data":{"post_id":"9338","title":"\u0410\u0433\u0435\u043d\u0442\u0441\u0442\u0432\u043e - WebStart: \u0412\u0430\u0448 \u041f\u0430\u0440\u0442\u043d\u0435\u0440 \u0432 \u0412\u0435\u0431-\u0420\u0430\u0437\u0440\u0430\u0431\u043e\u0442\u043a\u0435 \u0438 \u0414\u0438\u0437\u0430\u0439\u043d\u0435","description":"\u0423\u0437\u043d\u0430\u0439\u0442\u0435 \u0431\u043e\u043b\u044c\u0448\u0435 \u043e WebStart - \u0432\u0435\u0434\u0443\u0449\u0435\u043c \u0430\u0433\u0435\u043d\u0442\u0441\u0442\u0432\u0435 \u043f\u043e \u0432\u0435\u0431-\u0440\u0430\u0437\u0440\u0430\u0431\u043e\u0442\u043a\u0435 \u0438 \u0434\u0438\u0437\u0430\u0439\u043d\u0443. \u041c\u044b \u043f\u0440\u0435\u0434\u043b\u0430\u0433\u0430\u0435\u043c \u043f\u043e\u043b\u043d\u044b\u0439 \u0441\u043f\u0435\u043a\u0442\u0440 \u0443\u0441\u043b\u0443\u0433 \u0434\u043b\u044f \u0440\u0430\u0437\u0432\u0438\u0442\u0438\u044f \u0432\u0430\u0448\u0435\u0433\u043e \u0431\u0438\u0437\u043d\u0435\u0441\u0430 \u0432 \u0438\u043d\u0442\u0435\u0440\u043d\u0435\u0442\u0435.","keywords":null,"keyphrases":{"focus":{"keyphrase":"","score":0,"analysis":{"keyphraseInTitle":{"score":0,"maxScore":9,"error":1}}},"additional":[]},"primary_term":null,"canonical_url":"https:\/\/wstart.fr\/ru\/agency\/","og_title":null,"og_description":null,"og_object_type":"default","og_image_type":"default","og_image_url":null,"og_image_width":null,"og_image_height":null,"og_image_custom_url":null,"og_image_custom_fields":null,"og_video":"","og_custom_url":null,"og_article_section":null,"og_article_tags":null,"twitter_use_og":false,"twitter_card":"default","twitter_image_type":"default","twitter_image_url":null,"twitter_image_custom_url":null,"twitter_image_custom_fields":null,"twitter_title":null,"twitter_description":null,"schema":{"blockGraphs":[],"customGraphs":[],"default":{"data":{"Article":[],"Course":[],"Dataset":[],"FAQPage":[],"Movie":[],"Person":[],"Product":[],"ProductReview":[],"Car":[],"Recipe":[],"Service":[],"SoftwareApplication":[],"WebPage":[]},"graphName":"WebPage","isEnabled":true},"graphs":[]},"schema_type":"default","schema_type_options":null,"pillar_content":false,"robots_default":true,"robots_noindex":false,"robots_noarchive":false,"robots_nosnippet":false,"robots_nofollow":false,"robots_noimageindex":false,"robots_noodp":false,"robots_notranslate":false,"robots_max_snippet":"-1","robots_max_videopreview":"-1","robots_max_imagepreview":"large","priority":null,"frequency":"default","local_seo":null,"seo_analyzer_scan_date":"2025-10-09 10:10:05","breadcrumb_settings":null,"limit_modified_date":false,"reviewed_by":null,"open_ai":"{\"title\":{\"suggestions\":[],\"usage\":0},\"description\":{\"suggestions\":[],\"usage\":0}}","ai":null,"created":"2024-06-08 09:30:35","updated":"2025-10-21 20:42:16"},"aioseo_breadcrumb":"<div class=\"aioseo-breadcrumbs\"><span class=\"aioseo-breadcrumb\">\n\t<a href=\"https:\/\/wstart.fr\/ru\/\" title=\"Home\">Home<\/a>\n<\/span><span class=\"aioseo-breadcrumb-separator\">&raquo;<\/span><span class=\"aioseo-breadcrumb\">\n\t\u041e \u043d\u0430\u0441\n<\/span><\/div>","aioseo_breadcrumb_json":[{"label":"Home","link":"https:\/\/wstart.fr\/ru\/"},{"label":"\u041e \u043d\u0430\u0441","link":"https:\/\/wstart.fr\/ru\/agency\/"}],"_links":{"self":[{"href":"https:\/\/wstart.fr\/ru\/wp-json\/wp\/v2\/pages\/9338","targetHints":{"allow":["GET"]}}],"collection":[{"href":"https:\/\/wstart.fr\/ru\/wp-json\/wp\/v2\/pages"}],"about":[{"href":"https:\/\/wstart.fr\/ru\/wp-json\/wp\/v2\/types\/page"}],"author":[{"embeddable":true,"href":"https:\/\/wstart.fr\/ru\/wp-json\/wp\/v2\/users\/1"}],"replies":[{"embeddable":true,"href":"https:\/\/wstart.fr\/ru\/wp-json\/wp\/v2\/comments?post=9338"}],"version-history":[{"count":1,"href":"https:\/\/wstart.fr\/ru\/wp-json\/wp\/v2\/pages\/9338\/revisions"}],"predecessor-version":[{"id":18389,"href":"https:\/\/wstart.fr\/ru\/wp-json\/wp\/v2\/pages\/9338\/revisions\/18389"}],"wp:attachment":[{"href":"https:\/\/wstart.fr\/ru\/wp-json\/wp\/v2\/media?parent=9338"}],"curies":[{"name":"wp","href":"https:\/\/api.w.org\/{rel}","templated":true}]}}