{"id":9336,"date":"2021-06-28T17:22:27","date_gmt":"2021-06-28T13:22:27","guid":{"rendered":"https:\/\/2023.webstart.am\/home\/"},"modified":"2025-04-14T13:31:45","modified_gmt":"2025-04-14T09:31:45","slug":"home","status":"publish","type":"page","link":"https:\/\/wstart.fr\/ru\/","title":{"rendered":"\u0413\u043b\u0430\u0432\u043d\u0430\u044f"},"content":{"rendered":"\n<h2 class=\"wp-block-heading\" id=\"kayqeri-patrastum\"><\/h2>\n","protected":false},"excerpt":{"rendered":"","protected":false},"author":1,"featured_media":10412,"parent":0,"menu_order":58,"comment_status":"closed","ping_status":"closed","template":"templates\/home.php","meta":{"_acf_changed":false,"om_disable_all_campaigns":false,"inline_featured_image":false,"_monsterinsights_skip_tracking":false,"_monsterinsights_sitenote_active":false,"_monsterinsights_sitenote_note":"","_monsterinsights_sitenote_category":0,"footnotes":""},"class_list":["post-9336","page","type-page","status-publish","has-post-thumbnail","hentry"],"acf":[],"aioseo_notices":[],"aioseo_head":"\n\t\t<!-- All in One SEO Pro 4.9.6.2 - aioseo.com -->\n\t<meta name=\"description\" content=\"WebStart, votre partenaire en France pour cr\u00e9er des sites web sur mesure et am\u00e9liorer votre SEO. Boostez votre pr\u00e9sence en ligne avec nos solutions digitales.\" \/>\n\t<meta name=\"robots\" content=\"max-image-preview:large\" \/>\n\t<meta name=\"google-site-verification\" content=\"nHSkHtIXULaNV0FP2iUZ_0iDVRYca_UpkqbWyyhm5es\" \/>\n\t<meta name=\"msvalidate.01\" content=\"DFE7A4E2EA36895ACE5E562F36D2C879\" \/>\n\t<meta name=\"yandex-verification\" content=\"4e66e16ddcadf42d\" \/>\n\t<link rel=\"canonical\" href=\"https:\/\/wstart.fr\/ru\/\" \/>\n\t<meta name=\"generator\" content=\"All in One SEO Pro (AIOSEO) 4.9.6.2\" \/>\n\t\t<meta property=\"og:locale\" content=\"ru_RU\" \/>\n\t\t<meta property=\"og:site_name\" content=\"Webstart\" \/>\n\t\t<meta property=\"og:type\" content=\"article\" \/>\n\t\t<meta property=\"og:title\" content=\"\u0420\u0430\u0437\u0440\u0430\u0431\u043e\u0442\u043a\u0430 \u0441\u0430\u0439\u0442\u043e\u0432 \u0438 seo \u043f\u0440\u043e\u0434\u0432\u0438\u0436\u0435\u043d\u0438\u0435 \u0432 \u0410\u0440\u043c\u0435\u043d\u0438\u0438 | WEBSTART\" \/>\n\t\t<meta property=\"og:description\" content=\"WebStart - \u0432\u0430\u0448 \u043a\u043b\u044e\u0447 \u043a \u043e\u043d\u043b\u0430\u0439\u043d \u0443\u0441\u043f\u0435\u0445\u0443. \u041c\u044b \u0440\u0430\u0437\u0440\u0430\u0431\u0430\u0442\u044b\u0432\u0430\u0435\u043c \u0438 \u043f\u0440\u043e\u0434\u0432\u0438\u0433\u0430\u0435\u043c \u0441\u0430\u0439\u0442\u044b, \u043f\u043e\u043c\u043e\u0433\u0430\u044f \u0432\u0430\u0448\u0435\u043c\u0443 \u0431\u0438\u0437\u043d\u0435\u0441\u0443 \u0434\u043e\u0441\u0442\u0438\u0447\u044c \u043d\u043e\u0432\u044b\u0445 \u0432\u044b\u0441\u043e\u0442 \u0432 \u0438\u043d\u0442\u0435\u0440\u043d\u0435\u0442\u0435. \u0421\u0430\u0439\u0442 \u043f\u043e\u0434 \u043a\u043b\u044e\u0447.\" \/>\n\t\t<meta property=\"og:url\" content=\"https:\/\/wstart.fr\/ru\/\" \/>\n\t\t<meta property=\"og:image\" content=\"https:\/\/webstart.am\/wp-content\/uploads\/2024\/09\/opengraph-img-webstart.jpg\" \/>\n\t\t<meta property=\"og:image:secure_url\" content=\"https:\/\/webstart.am\/wp-content\/uploads\/2024\/09\/opengraph-img-webstart.jpg\" \/>\n\t\t<meta property=\"article:published_time\" content=\"2021-06-28T13:22:27+00:00\" \/>\n\t\t<meta property=\"article:modified_time\" content=\"2025-04-14T09:31:45+00:00\" \/>\n\t\t<meta property=\"article:publisher\" content=\"https:\/\/www.facebook.com\/webstartllc\/\" \/>\n\t\t<meta name=\"twitter:card\" content=\"summary\" \/>\n\t\t<meta name=\"twitter:title\" content=\"Cr\u00e9ation de sites web &amp; D\u00e9veloppement | WEBSTART\" \/>\n\t\t<meta name=\"twitter:description\" content=\"\u0544\u0565\u0576\u0584 \u057d\u057f\u0565\u0572\u056e\u0578\u0582\u0574 \u0565\u0576\u0584 \u0561\u0580\u0564\u0575\u0578\u0582\u0576\u0561\u057e\u0565\u057f \u056f\u0561\u0575\u0584\u0565\u0580, \u0578\u0580\u0578\u0576\u0584 \u056f\u0568\u0576\u0564\u056c\u0561\u0575\u0576\u0565\u0576 \u0562\u056b\u0566\u0576\u0565\u057d\u0564 \u0587 \u056f\u0574\u0565\u056e\u0561\u0581\u0576\u0565\u0576 \u057e\u0561\u0573\u0561\u057c\u0584\u0576\u0565\u0580\u0568\u0589\" \/>\n\t\t<meta name=\"twitter:image\" content=\"https:\/\/web-kayqeri-patrastum.am\/wp-content\/uploads\/2022\/02\/150-150.png\" \/>\n\t\t<script type=\"application\/ld+json\" class=\"aioseo-schema\">\n\t\t\t{\"@context\":\"https:\\\/\\\/schema.org\",\"@graph\":[{\"@type\":\"BreadcrumbList\",\"@id\":\"https:\\\/\\\/wstart.fr\\\/ru\\\/#breadcrumblist\",\"itemListElement\":[{\"@type\":\"ListItem\",\"@id\":\"https:\\\/\\\/wstart.fr\\\/ru\\\/#listItem\",\"position\":1,\"name\":\"Home\",\"item\":\"https:\\\/\\\/wstart.fr\\\/ru\\\/\",\"nextItem\":{\"@type\":\"ListItem\",\"@id\":\"https:\\\/\\\/wstart.fr\\\/ru\\\/#listItem\",\"name\":\"\\u0413\\u043b\\u0430\\u0432\\u043d\\u0430\\u044f\"}},{\"@type\":\"ListItem\",\"@id\":\"https:\\\/\\\/wstart.fr\\\/ru\\\/#listItem\",\"position\":2,\"name\":\"\\u0413\\u043b\\u0430\\u0432\\u043d\\u0430\\u044f\",\"previousItem\":{\"@type\":\"ListItem\",\"@id\":\"https:\\\/\\\/wstart.fr\\\/ru\\\/#listItem\",\"name\":\"Home\"}}]},{\"@type\":\"Organization\",\"@id\":\"https:\\\/\\\/wstart.fr\\\/ru\\\/#organization\",\"name\":\"Webstart\",\"description\":\"Nous garantissons un avenir s\\u00fbr \\u00e0 votre entreprise dans le monde num\\u00e9rique.\",\"url\":\"https:\\\/\\\/wstart.fr\\\/ru\\\/\",\"email\":\"info@wstart.fr\",\"telephone\":\"07 67 73 76 16\",\"foundingDate\":\"2010-08-01\",\"numberOfEmployees\":{\"@type\":\"QuantitativeValue\",\"minValue\":15,\"maxValue\":55},\"logo\":{\"@type\":\"ImageObject\",\"url\":\"https:\\\/\\\/wstart.fr\\\/wp-content\\\/themes\\\/webstart\\\/img\\\/512.png\",\"@id\":\"https:\\\/\\\/wstart.fr\\\/ru\\\/#organizationLogo\"},\"image\":{\"@id\":\"https:\\\/\\\/wstart.fr\\\/ru\\\/#organizationLogo\"},\"sameAs\":[\"https:\\\/\\\/www.instagram.com\\\/creation_site_web_ws\\\/\",\"https:\\\/\\\/fr.pinterest.com\\\/webstartllc\\\/\",\"https:\\\/\\\/www.youtube.com\\\/@webstartllc\",\"https:\\\/\\\/www.linkedin.com\\\/company\\\/74547408\\\/\"]},{\"@type\":\"WebPage\",\"@id\":\"https:\\\/\\\/wstart.fr\\\/ru\\\/#webpage\",\"url\":\"https:\\\/\\\/wstart.fr\\\/ru\\\/\",\"name\":\"Agence Web en France | Cr\\u00e9ation de Sites et SEO | Webstart\",\"description\":\"WebStart, votre partenaire en France pour cr\\u00e9er des sites web sur mesure et am\\u00e9liorer votre SEO. Boostez votre pr\\u00e9sence en ligne avec nos solutions digitales.\",\"inLanguage\":\"ru-RU\",\"isPartOf\":{\"@id\":\"https:\\\/\\\/wstart.fr\\\/ru\\\/#website\"},\"breadcrumb\":{\"@id\":\"https:\\\/\\\/wstart.fr\\\/ru\\\/#breadcrumblist\"},\"image\":{\"@type\":\"ImageObject\",\"url\":\"https:\\\/\\\/wstart.fr\\\/wp-content\\\/uploads\\\/2024\\\/05\\\/cropped-favicon-ws-1.png\",\"@id\":\"https:\\\/\\\/wstart.fr\\\/ru\\\/#mainImage\",\"width\":512,\"height\":512,\"caption\":\"cropped-favicon-ws-1.png\"},\"primaryImageOfPage\":{\"@id\":\"https:\\\/\\\/wstart.fr\\\/ru\\\/#mainImage\"},\"datePublished\":\"2021-06-28T17:22:27+04:00\",\"dateModified\":\"2025-04-14T13:31:45+04:00\"},{\"@type\":\"WebSite\",\"@id\":\"https:\\\/\\\/wstart.fr\\\/ru\\\/#website\",\"url\":\"https:\\\/\\\/wstart.fr\\\/ru\\\/\",\"name\":\"WEBSTART\",\"alternateName\":\"Webstart\",\"description\":\"Nous garantissons un avenir s\\u00fbr \\u00e0 votre entreprise dans le monde num\\u00e9rique.\",\"inLanguage\":\"ru-RU\",\"publisher\":{\"@id\":\"https:\\\/\\\/wstart.fr\\\/ru\\\/#organization\"}}]}\n\t\t<\/script>\n\t\t<!-- All in One SEO Pro -->\r\n\t\t<title>Agence Web en France | Cr\u00e9ation de Sites et SEO | Webstart<\/title>\n\n","aioseo_head_json":{"title":"Agence Web en France | Cr\u00e9ation de Sites et SEO | Webstart","description":"WebStart, votre partenaire en France pour cr\u00e9er des sites web sur mesure et am\u00e9liorer votre SEO. Boostez votre pr\u00e9sence en ligne avec nos solutions digitales.","canonical_url":"https:\/\/wstart.fr\/ru\/","robots":"max-image-preview:large","keywords":"","webmasterTools":{"google-site-verification":"nHSkHtIXULaNV0FP2iUZ_0iDVRYca_UpkqbWyyhm5es","msvalidate.01":"DFE7A4E2EA36895ACE5E562F36D2C879","yandex-verification":"4e66e16ddcadf42d","miscellaneous":""},"schema":{"@context":"https:\/\/schema.org","@graph":[{"@type":"BreadcrumbList","@id":"https:\/\/wstart.fr\/ru\/#breadcrumblist","itemListElement":[{"@type":"ListItem","@id":"https:\/\/wstart.fr\/ru\/#listItem","position":1,"name":"Home","item":"https:\/\/wstart.fr\/ru\/","nextItem":{"@type":"ListItem","@id":"https:\/\/wstart.fr\/ru\/#listItem","name":"\u0413\u043b\u0430\u0432\u043d\u0430\u044f"}},{"@type":"ListItem","@id":"https:\/\/wstart.fr\/ru\/#listItem","position":2,"name":"\u0413\u043b\u0430\u0432\u043d\u0430\u044f","previousItem":{"@type":"ListItem","@id":"https:\/\/wstart.fr\/ru\/#listItem","name":"Home"}}]},{"@type":"Organization","@id":"https:\/\/wstart.fr\/ru\/#organization","name":"Webstart","description":"Nous garantissons un avenir s\u00fbr \u00e0 votre entreprise dans le monde num\u00e9rique.","url":"https:\/\/wstart.fr\/ru\/","email":"info@wstart.fr","telephone":"07 67 73 76 16","foundingDate":"2010-08-01","numberOfEmployees":{"@type":"QuantitativeValue","minValue":15,"maxValue":55},"logo":{"@type":"ImageObject","url":"https:\/\/wstart.fr\/wp-content\/themes\/webstart\/img\/512.png","@id":"https:\/\/wstart.fr\/ru\/#organizationLogo"},"image":{"@id":"https:\/\/wstart.fr\/ru\/#organizationLogo"},"sameAs":["https:\/\/www.instagram.com\/creation_site_web_ws\/","https:\/\/fr.pinterest.com\/webstartllc\/","https:\/\/www.youtube.com\/@webstartllc","https:\/\/www.linkedin.com\/company\/74547408\/"]},{"@type":"WebPage","@id":"https:\/\/wstart.fr\/ru\/#webpage","url":"https:\/\/wstart.fr\/ru\/","name":"Agence Web en France | Cr\u00e9ation de Sites et SEO | Webstart","description":"WebStart, votre partenaire en France pour cr\u00e9er des sites web sur mesure et am\u00e9liorer votre SEO. Boostez votre pr\u00e9sence en ligne avec nos solutions digitales.","inLanguage":"ru-RU","isPartOf":{"@id":"https:\/\/wstart.fr\/ru\/#website"},"breadcrumb":{"@id":"https:\/\/wstart.fr\/ru\/#breadcrumblist"},"image":{"@type":"ImageObject","url":"https:\/\/wstart.fr\/wp-content\/uploads\/2024\/05\/cropped-favicon-ws-1.png","@id":"https:\/\/wstart.fr\/ru\/#mainImage","width":512,"height":512,"caption":"cropped-favicon-ws-1.png"},"primaryImageOfPage":{"@id":"https:\/\/wstart.fr\/ru\/#mainImage"},"datePublished":"2021-06-28T17:22:27+04:00","dateModified":"2025-04-14T13:31:45+04:00"},{"@type":"WebSite","@id":"https:\/\/wstart.fr\/ru\/#website","url":"https:\/\/wstart.fr\/ru\/","name":"WEBSTART","alternateName":"Webstart","description":"Nous garantissons un avenir s\u00fbr \u00e0 votre entreprise dans le monde num\u00e9rique.","inLanguage":"ru-RU","publisher":{"@id":"https:\/\/wstart.fr\/ru\/#organization"}}]},"og:locale":"ru_RU","og:site_name":"Webstart","og:type":"article","og:title":"\u0420\u0430\u0437\u0440\u0430\u0431\u043e\u0442\u043a\u0430 \u0441\u0430\u0439\u0442\u043e\u0432 \u0438 seo \u043f\u0440\u043e\u0434\u0432\u0438\u0436\u0435\u043d\u0438\u0435 \u0432 \u0410\u0440\u043c\u0435\u043d\u0438\u0438 | WEBSTART","og:description":"WebStart - \u0432\u0430\u0448 \u043a\u043b\u044e\u0447 \u043a \u043e\u043d\u043b\u0430\u0439\u043d \u0443\u0441\u043f\u0435\u0445\u0443. \u041c\u044b \u0440\u0430\u0437\u0440\u0430\u0431\u0430\u0442\u044b\u0432\u0430\u0435\u043c \u0438 \u043f\u0440\u043e\u0434\u0432\u0438\u0433\u0430\u0435\u043c \u0441\u0430\u0439\u0442\u044b, \u043f\u043e\u043c\u043e\u0433\u0430\u044f \u0432\u0430\u0448\u0435\u043c\u0443 \u0431\u0438\u0437\u043d\u0435\u0441\u0443 \u0434\u043e\u0441\u0442\u0438\u0447\u044c \u043d\u043e\u0432\u044b\u0445 \u0432\u044b\u0441\u043e\u0442 \u0432 \u0438\u043d\u0442\u0435\u0440\u043d\u0435\u0442\u0435. \u0421\u0430\u0439\u0442 \u043f\u043e\u0434 \u043a\u043b\u044e\u0447.","og:url":"https:\/\/wstart.fr\/ru\/","og:image":"https:\/\/webstart.am\/wp-content\/uploads\/2024\/09\/opengraph-img-webstart.jpg","og:image:secure_url":"https:\/\/webstart.am\/wp-content\/uploads\/2024\/09\/opengraph-img-webstart.jpg","article:published_time":"2021-06-28T13:22:27+00:00","article:modified_time":"2025-04-14T09:31:45+00:00","article:publisher":"https:\/\/www.facebook.com\/webstartllc\/","twitter:card":"summary","twitter:title":"Cr\u00e9ation de sites web &amp; D\u00e9veloppement | WEBSTART","twitter:description":"\u0544\u0565\u0576\u0584 \u057d\u057f\u0565\u0572\u056e\u0578\u0582\u0574 \u0565\u0576\u0584 \u0561\u0580\u0564\u0575\u0578\u0582\u0576\u0561\u057e\u0565\u057f \u056f\u0561\u0575\u0584\u0565\u0580, \u0578\u0580\u0578\u0576\u0584 \u056f\u0568\u0576\u0564\u056c\u0561\u0575\u0576\u0565\u0576 \u0562\u056b\u0566\u0576\u0565\u057d\u0564 \u0587 \u056f\u0574\u0565\u056e\u0561\u0581\u0576\u0565\u0576 \u057e\u0561\u0573\u0561\u057c\u0584\u0576\u0565\u0580\u0568\u0589","twitter:image":"https:\/\/web-kayqeri-patrastum.am\/wp-content\/uploads\/2022\/02\/150-150.png"},"aioseo_meta_data":{"post_id":"9336","title":"Agence Web en France | Cr\u00e9ation de Sites et SEO | Webstart","description":"WebStart, votre partenaire en France pour cr\u00e9er des sites web sur mesure et am\u00e9liorer votre SEO. Boostez votre pr\u00e9sence en ligne avec nos solutions digitales.","keywords":null,"keyphrases":{"focus":{"keyphrase":"\u0420\u0430\u0437\u0440\u0430\u0431\u043e\u0442\u043a\u0430 \u0441\u0430\u0439\u0442\u043e\u0432","score":60,"analysis":{"keyphraseInTitle":{"score":9,"maxScore":9,"error":0},"keyphraseInDescription":{"score":3,"maxScore":9,"error":1},"keyphraseLength":{"score":-999,"maxScore":9,"error":1,"length":0},"keyphraseInIntroduction":{"score":3,"maxScore":9,"error":1},"keyphraseInSubHeadings":{"score":3,"maxScore":9,"error":1},"keyphraseInImageAlt":[],"keywordDensity":{"type":"best","score":9,"maxScore":9,"error":0}}},"additional":[]},"primary_term":null,"canonical_url":"https:\/\/wstart.fr\/ru\/","og_title":"\u0420\u0430\u0437\u0440\u0430\u0431\u043e\u0442\u043a\u0430 \u0441\u0430\u0439\u0442\u043e\u0432 \u0438 seo \u043f\u0440\u043e\u0434\u0432\u0438\u0436\u0435\u043d\u0438\u0435 \u0432 \u0410\u0440\u043c\u0435\u043d\u0438\u0438 | WEBSTART","og_description":"WebStart - \u0432\u0430\u0448 \u043a\u043b\u044e\u0447 \u043a \u043e\u043d\u043b\u0430\u0439\u043d \u0443\u0441\u043f\u0435\u0445\u0443. \u041c\u044b \u0440\u0430\u0437\u0440\u0430\u0431\u0430\u0442\u044b\u0432\u0430\u0435\u043c \u0438 \u043f\u0440\u043e\u0434\u0432\u0438\u0433\u0430\u0435\u043c \u0441\u0430\u0439\u0442\u044b, \u043f\u043e\u043c\u043e\u0433\u0430\u044f \u0432\u0430\u0448\u0435\u043c\u0443 \u0431\u0438\u0437\u043d\u0435\u0441\u0443 \u0434\u043e\u0441\u0442\u0438\u0447\u044c \u043d\u043e\u0432\u044b\u0445 \u0432\u044b\u0441\u043e\u0442 \u0432 \u0438\u043d\u0442\u0435\u0440\u043d\u0435\u0442\u0435. \u0421\u0430\u0439\u0442 \u043f\u043e\u0434 \u043a\u043b\u044e\u0447.","og_object_type":"default","og_image_type":"custom_image","og_image_url":"https:\/\/webstart.am\/wp-content\/uploads\/2024\/09\/opengraph-img-webstart.jpg","og_image_width":"0","og_image_height":"0","og_image_custom_url":"https:\/\/webstart.am\/wp-content\/uploads\/2024\/09\/opengraph-img-webstart.jpg","og_image_custom_fields":null,"og_video":"","og_custom_url":null,"og_article_section":null,"og_article_tags":null,"twitter_use_og":false,"twitter_card":"summary","twitter_image_type":"custom_image","twitter_image_url":"https:\/\/web-kayqeri-patrastum.am\/wp-content\/uploads\/2022\/02\/150-150.png","twitter_image_custom_url":"https:\/\/web-kayqeri-patrastum.am\/wp-content\/uploads\/2022\/02\/150-150.png","twitter_image_custom_fields":null,"twitter_title":"#site_title","twitter_description":"\u0544\u0565\u0576\u0584 \u057d\u057f\u0565\u0572\u056e\u0578\u0582\u0574 \u0565\u0576\u0584 \u0561\u0580\u0564\u0575\u0578\u0582\u0576\u0561\u057e\u0565\u057f \u056f\u0561\u0575\u0584\u0565\u0580, \u0578\u0580\u0578\u0576\u0584 \u056f\u0568\u0576\u0564\u056c\u0561\u0575\u0576\u0565\u0576 \u0562\u056b\u0566\u0576\u0565\u057d\u0564 \u0587 \u056f\u0574\u0565\u056e\u0561\u0581\u0576\u0565\u0576 \u057e\u0561\u0573\u0561\u057c\u0584\u0576\u0565\u0580\u0568\u0589","schema":{"blockGraphs":[],"customGraphs":[],"default":{"data":{"Article":[],"Course":[],"Dataset":[],"FAQPage":[],"Movie":[],"Person":[],"Product":[],"ProductReview":[],"Car":[],"Recipe":[],"Service":[],"SoftwareApplication":[],"WebPage":[]},"graphName":"WebPage","isEnabled":true},"graphs":[]},"schema_type":"default","schema_type_options":null,"pillar_content":false,"robots_default":true,"robots_noindex":false,"robots_noarchive":false,"robots_nosnippet":false,"robots_nofollow":false,"robots_noimageindex":false,"robots_noodp":false,"robots_notranslate":false,"robots_max_snippet":"-1","robots_max_videopreview":"-1","robots_max_imagepreview":"large","priority":null,"frequency":"always","local_seo":null,"seo_analyzer_scan_date":"2025-10-09 09:59:52","breadcrumb_settings":null,"limit_modified_date":false,"reviewed_by":null,"open_ai":"{\"title\":{\"suggestions\":[],\"usage\":0},\"description\":{\"suggestions\":[],\"usage\":0}}","ai":null,"created":"2024-06-08 09:30:13","updated":"2026-04-20 22:39:36"},"aioseo_breadcrumb":"<div class=\"aioseo-breadcrumbs\"><span class=\"aioseo-breadcrumb\">\n\t<a href=\"https:\/\/wstart.fr\/ru\/\" title=\"Home\">Home<\/a>\n<\/span><span class=\"aioseo-breadcrumb-separator\">&raquo;<\/span><span class=\"aioseo-breadcrumb\">\n\t\u0413\u043b\u0430\u0432\u043d\u0430\u044f\n<\/span><\/div>","aioseo_breadcrumb_json":[{"label":"Home","link":"https:\/\/wstart.fr\/ru\/"},{"label":"\u0413\u043b\u0430\u0432\u043d\u0430\u044f","link":"https:\/\/wstart.fr\/ru\/"}],"_links":{"self":[{"href":"https:\/\/wstart.fr\/ru\/wp-json\/wp\/v2\/pages\/9336","targetHints":{"allow":["GET"]}}],"collection":[{"href":"https:\/\/wstart.fr\/ru\/wp-json\/wp\/v2\/pages"}],"about":[{"href":"https:\/\/wstart.fr\/ru\/wp-json\/wp\/v2\/types\/page"}],"author":[{"embeddable":true,"href":"https:\/\/wstart.fr\/ru\/wp-json\/wp\/v2\/users\/1"}],"replies":[{"embeddable":true,"href":"https:\/\/wstart.fr\/ru\/wp-json\/wp\/v2\/comments?post=9336"}],"version-history":[{"count":1,"href":"https:\/\/wstart.fr\/ru\/wp-json\/wp\/v2\/pages\/9336\/revisions"}],"predecessor-version":[{"id":13160,"href":"https:\/\/wstart.fr\/ru\/wp-json\/wp\/v2\/pages\/9336\/revisions\/13160"}],"wp:featuredmedia":[{"embeddable":true,"href":"https:\/\/wstart.fr\/ru\/wp-json\/wp\/v2\/media\/10412"}],"wp:attachment":[{"href":"https:\/\/wstart.fr\/ru\/wp-json\/wp\/v2\/media?parent=9336"}],"curies":[{"name":"wp","href":"https:\/\/api.w.org\/{rel}","templated":true}]}}